{"id":8,"date":"2013-10-15T00:41:16","date_gmt":"2013-10-15T00:41:16","guid":{"rendered":"http:\/\/conviversabersocial.com.br\/?page_id=8"},"modified":"2019-06-22T16:34:54","modified_gmt":"2019-06-22T19:34:54","slug":"a-instituicao","status":"publish","type":"page","link":"http:\/\/conviversabersocial.com.br\/index.php\/a-instituicao\/","title":{"rendered":"Quem somos"},"content":{"rendered":"<div class=\"sq-sc-column sq-sc-column-3\">\n<p>Motivados por promover oportunidades concretas de inclus\u00e3o e desenvolvimento para crian\u00e7as e jovens em situa\u00e7\u00e3o de risco e vulnerabilidade social em Lagoa Santa, um grupo de empres\u00e1rios da cidade criou, em 2003, a <strong>Conviver Saber Social<\/strong>.<\/p>\n<p>O nosso trabalho come\u00e7ou com o atendimento de crian\u00e7as e adolescentes. Com o passar do tempo, percebemos a necessidade de agir tamb\u00e9m no fortalecimento das organiza\u00e7\u00f5es sociais aqui da cidade e de toda a nossa regi\u00e3o metropolitana de BH. Entendemos que estamos seguindo nossa miss\u00e3o quando compartilhamos com o mundo o que temos de mais valioso, o nosso saber social.<\/p>\n<p>A <strong>Conviver Saber Social<\/strong> \u00e9 uma organiza\u00e7\u00e3o da sociedade civil (OSC) sustent\u00e1vel, enxuta e com uma gest\u00e3o simples e estrat\u00e9gica. Desenvolvemos ainda projetos e servi\u00e7os em que compartilhamos nosso saber social para promover a garantia de direitos e o fortalecimento do terceiro setor.<\/p>\n<p>Em alian\u00e7a com o <strong>Grupo Escola Amizade e Amor \u2013 GEAA<\/strong>, ainda realiza projetos de atendimento de crian\u00e7as, adolescentes e fam\u00edlias na Casa Sr. Tito, no bairro Palmital, em Lagoa Santa.<\/p>\n<\/div><div class=\"sq-sc-column sq-sc-column-2-3\">\n<p><center><iframe loading=\"lazy\" width=\"500\" height=\"281\" src=\"https:\/\/www.youtube.com\/embed\/Q8qUd3JBP54?feature=oembed\" frameborder=\"0\" allow=\"accelerometer; autoplay; encrypted-media; gyroscope; picture-in-picture\" allowfullscreen><\/iframe><\/p>\n<p><\/center>&nbsp;<\/p>\n<p>&nbsp;<\/p>\n<p>&nbsp;<\/p>\n<p>&nbsp;<\/p>\n<p>&nbsp;<\/p>\n<p>&nbsp;<\/p>\n<p>&nbsp;<\/p>\n<p>&nbsp;<\/p>\n<p>&nbsp;<\/p>\n<\/div>\n<style type=\"text\/css\">\r\n\t#foogallery-gallery-1740 .fg-image {\r\n        width: 150px;\r\n    }\r\n<\/style>\r\n\t\t\t\t<div class=\"foogallery foogallery-container foogallery-default foogallery-lightbox-foobox-free fg-gutter-10 fg-center fg-default fg-light fg-border-thin fg-shadow-small fg-loading-default fg-loaded-fade-in fg-hover-fade fg-hover-zoom fg-ready\" id=\"foogallery-gallery-1740\" data-foogallery=\"{&quot;item&quot;:{&quot;showCaptionTitle&quot;:true,&quot;showCaptionDescription&quot;:false},&quot;lazy&quot;:true}\" >\r\n\t<div class=\"fg-item fg-type-image fg-idle\"><figure class=\"fg-item-inner\"><a href=\"http:\/\/conviversabersocial.com.br\/wp-content\/uploads\/2016\/07\/13483022_1190030694363155_1722965254816870855_o.jpg\" data-caption-title=\"Encontro Nacional do Terceiro Setor\" data-attachment-id=\"1536\" class=\"fg-thumb\"><span class=\"fg-image-wrap\"><img title=\"Encontro Nacional do Terceiro Setor\" width=\"150\" height=\"150\" class=\"skip-lazy fg-image\" data-src-fg=\"http:\/\/conviversabersocial.com.br\/wp-content\/uploads\/cache\/2016\/07\/13483022_1190030694363155_1722965254816870855_o\/119140276.jpg\" src=\"data:image\/svg+xml,%3Csvg%20xmlns%3D%22http%3A%2F%2Fwww.w3.org%2F2000%2Fsvg%22%20width%3D%22150%22%20height%3D%22150%22%20viewBox%3D%220%200%20150%20150%22%3E%3C%2Fsvg%3E\" loading=\"eager\"><\/span><span class=\"fg-image-overlay\"><\/span><\/a><figcaption class=\"fg-caption\"><div class=\"fg-caption-inner\"><div class=\"fg-caption-title\">Encontro Nacional do Terceiro Setor<\/div><\/div><\/figcaption><\/figure><div class=\"fg-loader\"><\/div><\/div><div class=\"fg-item fg-type-image fg-idle\"><figure class=\"fg-item-inner\"><a href=\"http:\/\/conviversabersocial.com.br\/wp-content\/uploads\/2016\/07\/13428463_1186638558035702_6725448240800652845_n.jpg\" data-caption-title=\"Encontro Nacional do Terceiro Setor\" data-attachment-id=\"1538\" class=\"fg-thumb\"><span class=\"fg-image-wrap\"><img title=\"Encontro Nacional do Terceiro Setor\" width=\"150\" height=\"150\" class=\"skip-lazy fg-image\" data-src-fg=\"http:\/\/conviversabersocial.com.br\/wp-content\/uploads\/cache\/2016\/07\/13428463_1186638558035702_6725448240800652845_n\/-379499584.jpg\" src=\"data:image\/svg+xml,%3Csvg%20xmlns%3D%22http%3A%2F%2Fwww.w3.org%2F2000%2Fsvg%22%20width%3D%22150%22%20height%3D%22150%22%20viewBox%3D%220%200%20150%20150%22%3E%3C%2Fsvg%3E\" loading=\"eager\"><\/span><span class=\"fg-image-overlay\"><\/span><\/a><figcaption class=\"fg-caption\"><div class=\"fg-caption-inner\"><div class=\"fg-caption-title\">Encontro Nacional do Terceiro Setor<\/div><\/div><\/figcaption><\/figure><div class=\"fg-loader\"><\/div><\/div><div class=\"fg-item fg-type-image fg-idle\"><figure class=\"fg-item-inner\"><a href=\"http:\/\/conviversabersocial.com.br\/wp-content\/uploads\/2016\/07\/13495539_1192816790751212_738757960017140526_o.jpg\" data-caption-title=\"I Workshop Lideran\u00e7a Transformadora do Vetor Norte\" data-attachment-id=\"1542\" class=\"fg-thumb\"><span class=\"fg-image-wrap\"><img title=\"I Workshop Lideran\u00e7a Transformadora do Vetor Norte\" width=\"150\" height=\"150\" class=\"skip-lazy fg-image\" data-src-fg=\"http:\/\/conviversabersocial.com.br\/wp-content\/uploads\/cache\/2016\/07\/13495539_1192816790751212_738757960017140526_o\/1381241473.jpg\" src=\"data:image\/svg+xml,%3Csvg%20xmlns%3D%22http%3A%2F%2Fwww.w3.org%2F2000%2Fsvg%22%20width%3D%22150%22%20height%3D%22150%22%20viewBox%3D%220%200%20150%20150%22%3E%3C%2Fsvg%3E\" loading=\"eager\"><\/span><span class=\"fg-image-overlay\"><\/span><\/a><figcaption class=\"fg-caption\"><div class=\"fg-caption-inner\"><div class=\"fg-caption-title\">I Workshop Lideran\u00e7a Transformadora do Vetor Norte<\/div><\/div><\/figcaption><\/figure><div class=\"fg-loader\"><\/div><\/div><div class=\"fg-item fg-type-image fg-idle\"><figure class=\"fg-item-inner\"><a href=\"http:\/\/conviversabersocial.com.br\/wp-content\/uploads\/2016\/07\/13483162_1192816697417888_8315339796829972683_o.jpg\" data-caption-title=\"I Workshop Lideran\u00e7a Transformadora do Vetor Norte\" data-attachment-id=\"1543\" class=\"fg-thumb\"><span class=\"fg-image-wrap\"><img title=\"I Workshop Lideran\u00e7a Transformadora do Vetor Norte\" width=\"150\" height=\"150\" class=\"skip-lazy fg-image\" data-src-fg=\"http:\/\/conviversabersocial.com.br\/wp-content\/uploads\/cache\/2016\/07\/13483162_1192816697417888_8315339796829972683_o\/2111594855.jpg\" src=\"data:image\/svg+xml,%3Csvg%20xmlns%3D%22http%3A%2F%2Fwww.w3.org%2F2000%2Fsvg%22%20width%3D%22150%22%20height%3D%22150%22%20viewBox%3D%220%200%20150%20150%22%3E%3C%2Fsvg%3E\" loading=\"eager\"><\/span><span class=\"fg-image-overlay\"><\/span><\/a><figcaption class=\"fg-caption\"><div class=\"fg-caption-inner\"><div class=\"fg-caption-title\">I Workshop Lideran\u00e7a Transformadora do Vetor Norte<\/div><\/div><\/figcaption><\/figure><div class=\"fg-loader\"><\/div><\/div><div class=\"fg-item fg-type-image fg-idle\"><figure class=\"fg-item-inner\"><a href=\"http:\/\/conviversabersocial.com.br\/wp-content\/uploads\/2016\/08\/IMG_7354.jpg\" data-attachment-id=\"1744\" class=\"fg-thumb\"><span class=\"fg-image-wrap\"><img width=\"150\" height=\"150\" class=\"skip-lazy fg-image\" data-src-fg=\"http:\/\/conviversabersocial.com.br\/wp-content\/uploads\/cache\/2016\/08\/IMG_7354\/-142862465.jpg\" src=\"data:image\/svg+xml,%3Csvg%20xmlns%3D%22http%3A%2F%2Fwww.w3.org%2F2000%2Fsvg%22%20width%3D%22150%22%20height%3D%22150%22%20viewBox%3D%220%200%20150%20150%22%3E%3C%2Fsvg%3E\" loading=\"eager\"><\/span><span class=\"fg-image-overlay\"><\/span><\/a><figcaption class=\"fg-caption\"><div class=\"fg-caption-inner\"><\/div><\/figcaption><\/figure><div class=\"fg-loader\"><\/div><\/div><div class=\"fg-item fg-type-image fg-idle\"><figure class=\"fg-item-inner\"><a href=\"http:\/\/conviversabersocial.com.br\/wp-content\/uploads\/2016\/08\/IMG_7168.jpg\" data-attachment-id=\"1742\" class=\"fg-thumb\"><span class=\"fg-image-wrap\"><img width=\"150\" height=\"150\" class=\"skip-lazy fg-image\" data-src-fg=\"http:\/\/conviversabersocial.com.br\/wp-content\/uploads\/cache\/2016\/08\/IMG_7168\/172007290.jpg\" src=\"data:image\/svg+xml,%3Csvg%20xmlns%3D%22http%3A%2F%2Fwww.w3.org%2F2000%2Fsvg%22%20width%3D%22150%22%20height%3D%22150%22%20viewBox%3D%220%200%20150%20150%22%3E%3C%2Fsvg%3E\" loading=\"eager\"><\/span><span class=\"fg-image-overlay\"><\/span><\/a><figcaption class=\"fg-caption\"><div class=\"fg-caption-inner\"><\/div><\/figcaption><\/figure><div class=\"fg-loader\"><\/div><\/div><div class=\"fg-item fg-type-image fg-idle\"><figure class=\"fg-item-inner\"><a href=\"http:\/\/conviversabersocial.com.br\/wp-content\/uploads\/2016\/08\/IMG_7200-e1471451620514.jpg\" data-attachment-id=\"1743\" class=\"fg-thumb\"><span class=\"fg-image-wrap\"><img width=\"150\" height=\"150\" class=\"skip-lazy fg-image\" data-src-fg=\"http:\/\/conviversabersocial.com.br\/wp-content\/uploads\/cache\/2016\/08\/IMG_7200-e1471451620514\/-71674070.jpg\" src=\"data:image\/svg+xml,%3Csvg%20xmlns%3D%22http%3A%2F%2Fwww.w3.org%2F2000%2Fsvg%22%20width%3D%22150%22%20height%3D%22150%22%20viewBox%3D%220%200%20150%20150%22%3E%3C%2Fsvg%3E\" loading=\"eager\"><\/span><span class=\"fg-image-overlay\"><\/span><\/a><figcaption class=\"fg-caption\"><div class=\"fg-caption-inner\"><\/div><\/figcaption><\/figure><div class=\"fg-loader\"><\/div><\/div><div class=\"fg-item fg-type-image fg-idle\"><figure class=\"fg-item-inner\"><a href=\"http:\/\/conviversabersocial.com.br\/wp-content\/uploads\/2015\/11\/12194881_1054234774609415_2502921744851653725_o.jpg\" data-caption-title=\"Workshop Novas Fronteiras da Escola\" data-attachment-id=\"1295\" class=\"fg-thumb\"><span class=\"fg-image-wrap\"><img title=\"Workshop Novas Fronteiras da Escola\" width=\"150\" height=\"150\" class=\"skip-lazy fg-image\" data-src-fg=\"http:\/\/conviversabersocial.com.br\/wp-content\/uploads\/cache\/2015\/11\/12194881_1054234774609415_2502921744851653725_o\/-1021491601.jpg\" src=\"data:image\/svg+xml,%3Csvg%20xmlns%3D%22http%3A%2F%2Fwww.w3.org%2F2000%2Fsvg%22%20width%3D%22150%22%20height%3D%22150%22%20viewBox%3D%220%200%20150%20150%22%3E%3C%2Fsvg%3E\" loading=\"eager\"><\/span><span class=\"fg-image-overlay\"><\/span><\/a><figcaption class=\"fg-caption\"><div class=\"fg-caption-inner\"><div class=\"fg-caption-title\">Workshop Novas Fronteiras da Escola<\/div><\/div><\/figcaption><\/figure><div class=\"fg-loader\"><\/div><\/div><div class=\"fg-item fg-type-image fg-idle\"><figure class=\"fg-item-inner\"><a href=\"http:\/\/conviversabersocial.com.br\/wp-content\/uploads\/2015\/11\/12182685_1054236864609206_311482858394846024_o.jpg\" data-caption-title=\"Workshop Novas Fronteiras da Escola\" data-attachment-id=\"1294\" class=\"fg-thumb\"><span class=\"fg-image-wrap\"><img title=\"Workshop Novas Fronteiras da Escola\" width=\"150\" height=\"150\" class=\"skip-lazy fg-image\" data-src-fg=\"http:\/\/conviversabersocial.com.br\/wp-content\/uploads\/cache\/2015\/11\/12182685_1054236864609206_311482858394846024_o\/372468979.jpg\" src=\"data:image\/svg+xml,%3Csvg%20xmlns%3D%22http%3A%2F%2Fwww.w3.org%2F2000%2Fsvg%22%20width%3D%22150%22%20height%3D%22150%22%20viewBox%3D%220%200%20150%20150%22%3E%3C%2Fsvg%3E\" loading=\"eager\"><\/span><span class=\"fg-image-overlay\"><\/span><\/a><figcaption class=\"fg-caption\"><div class=\"fg-caption-inner\"><div class=\"fg-caption-title\">Workshop Novas Fronteiras da Escola<\/div><\/div><\/figcaption><\/figure><div class=\"fg-loader\"><\/div><\/div><div class=\"fg-item fg-type-image fg-idle\"><figure class=\"fg-item-inner\"><a href=\"http:\/\/conviversabersocial.com.br\/wp-content\/uploads\/2016\/08\/IMG_6481-e1471451560770.jpg\" data-attachment-id=\"1741\" class=\"fg-thumb\"><span class=\"fg-image-wrap\"><img width=\"150\" height=\"150\" class=\"skip-lazy fg-image\" data-src-fg=\"http:\/\/conviversabersocial.com.br\/wp-content\/uploads\/cache\/2016\/08\/IMG_6481-e1471451560770\/1998900450.jpg\" src=\"data:image\/svg+xml,%3Csvg%20xmlns%3D%22http%3A%2F%2Fwww.w3.org%2F2000%2Fsvg%22%20width%3D%22150%22%20height%3D%22150%22%20viewBox%3D%220%200%20150%20150%22%3E%3C%2Fsvg%3E\" loading=\"eager\"><\/span><span class=\"fg-image-overlay\"><\/span><\/a><figcaption class=\"fg-caption\"><div class=\"fg-caption-inner\"><\/div><\/figcaption><\/figure><div class=\"fg-loader\"><\/div><\/div><div class=\"fg-item fg-type-image fg-idle\"><figure class=\"fg-item-inner\"><a href=\"http:\/\/conviversabersocial.com.br\/wp-content\/uploads\/2015\/11\/IMG_2612-e1447090999475.jpg\" data-caption-title=\"Programa Compartilhado de Desenvolvimento Institucional\" data-attachment-id=\"1307\" class=\"fg-thumb\"><span class=\"fg-image-wrap\"><img title=\"Programa Compartilhado de Desenvolvimento Institucional\" width=\"150\" height=\"150\" class=\"skip-lazy fg-image\" data-src-fg=\"http:\/\/conviversabersocial.com.br\/wp-content\/uploads\/cache\/2015\/11\/IMG_2612-e1447090999475\/58890042.jpg\" src=\"data:image\/svg+xml,%3Csvg%20xmlns%3D%22http%3A%2F%2Fwww.w3.org%2F2000%2Fsvg%22%20width%3D%22150%22%20height%3D%22150%22%20viewBox%3D%220%200%20150%20150%22%3E%3C%2Fsvg%3E\" loading=\"eager\"><\/span><span class=\"fg-image-overlay\"><\/span><\/a><figcaption class=\"fg-caption\"><div class=\"fg-caption-inner\"><div class=\"fg-caption-title\">Programa Compartilhado de Desenvolvimento Institucional<\/div><\/div><\/figcaption><\/figure><div class=\"fg-loader\"><\/div><\/div><div class=\"fg-item fg-type-image fg-idle\"><figure class=\"fg-item-inner\"><a href=\"http:\/\/conviversabersocial.com.br\/wp-content\/uploads\/2015\/08\/11800011_1004804819552411_499399468040708589_n.jpg\" data-attachment-id=\"984\" class=\"fg-thumb\"><span class=\"fg-image-wrap\"><img width=\"150\" height=\"150\" class=\"skip-lazy fg-image\" data-src-fg=\"http:\/\/conviversabersocial.com.br\/wp-content\/uploads\/cache\/2015\/08\/11800011_1004804819552411_499399468040708589_n\/2107610946.jpg\" src=\"data:image\/svg+xml,%3Csvg%20xmlns%3D%22http%3A%2F%2Fwww.w3.org%2F2000%2Fsvg%22%20width%3D%22150%22%20height%3D%22150%22%20viewBox%3D%220%200%20150%20150%22%3E%3C%2Fsvg%3E\" loading=\"eager\"><\/span><span class=\"fg-image-overlay\"><\/span><\/a><figcaption class=\"fg-caption\"><div class=\"fg-caption-inner\"><\/div><\/figcaption><\/figure><div class=\"fg-loader\"><\/div><\/div><div class=\"fg-item fg-type-image fg-idle\"><figure class=\"fg-item-inner\"><a href=\"http:\/\/conviversabersocial.com.br\/wp-content\/uploads\/2015\/03\/Internato-Socia-PCDI-20-a-22-03-2015-20-e1469711011680.jpg\" data-caption-title=\"Programa Compartilhado de Desenvolvimento Institucional\" data-attachment-id=\"617\" class=\"fg-thumb\"><span class=\"fg-image-wrap\"><img title=\"Programa Compartilhado de Desenvolvimento Institucional\" width=\"150\" height=\"150\" class=\"skip-lazy fg-image\" data-src-fg=\"http:\/\/conviversabersocial.com.br\/wp-content\/uploads\/cache\/2015\/03\/Internato-Socia-PCDI-20-a-22-03-2015-20-e1469711011680\/-855122864.jpg\" src=\"data:image\/svg+xml,%3Csvg%20xmlns%3D%22http%3A%2F%2Fwww.w3.org%2F2000%2Fsvg%22%20width%3D%22150%22%20height%3D%22150%22%20viewBox%3D%220%200%20150%20150%22%3E%3C%2Fsvg%3E\" loading=\"eager\"><\/span><span class=\"fg-image-overlay\"><\/span><\/a><figcaption class=\"fg-caption\"><div class=\"fg-caption-inner\"><div class=\"fg-caption-title\">Programa Compartilhado de Desenvolvimento Institucional<\/div><\/div><\/figcaption><\/figure><div class=\"fg-loader\"><\/div><\/div><div class=\"fg-item fg-type-image fg-idle\"><figure class=\"fg-item-inner\"><a href=\"http:\/\/conviversabersocial.com.br\/wp-content\/uploads\/2015\/08\/11705136_1004804852885741_942015607617487433_n.jpg\" data-caption-title=\"Programa Compartilhado de Desenvolvimento Institucional\" data-attachment-id=\"977\" class=\"fg-thumb\"><span class=\"fg-image-wrap\"><img title=\"Programa Compartilhado de Desenvolvimento Institucional\" width=\"150\" height=\"150\" class=\"skip-lazy fg-image\" data-src-fg=\"http:\/\/conviversabersocial.com.br\/wp-content\/uploads\/cache\/2015\/08\/11705136_1004804852885741_942015607617487433_n\/1316895299.jpg\" src=\"data:image\/svg+xml,%3Csvg%20xmlns%3D%22http%3A%2F%2Fwww.w3.org%2F2000%2Fsvg%22%20width%3D%22150%22%20height%3D%22150%22%20viewBox%3D%220%200%20150%20150%22%3E%3C%2Fsvg%3E\" loading=\"eager\"><\/span><span class=\"fg-image-overlay\"><\/span><\/a><figcaption class=\"fg-caption\"><div class=\"fg-caption-inner\"><div class=\"fg-caption-title\">Programa Compartilhado de Desenvolvimento Institucional<\/div><\/div><\/figcaption><\/figure><div class=\"fg-loader\"><\/div><\/div><div class=\"fg-item fg-type-image fg-idle\"><figure class=\"fg-item-inner\"><a href=\"http:\/\/conviversabersocial.com.br\/wp-content\/uploads\/2015\/08\/11041658_1004805912885635_5833930381975918573_n.jpg\" data-attachment-id=\"978\" class=\"fg-thumb\"><span class=\"fg-image-wrap\"><img width=\"150\" height=\"150\" class=\"skip-lazy fg-image\" data-src-fg=\"http:\/\/conviversabersocial.com.br\/wp-content\/uploads\/cache\/2015\/08\/11041658_1004805912885635_5833930381975918573_n\/1219390903.jpg\" src=\"data:image\/svg+xml,%3Csvg%20xmlns%3D%22http%3A%2F%2Fwww.w3.org%2F2000%2Fsvg%22%20width%3D%22150%22%20height%3D%22150%22%20viewBox%3D%220%200%20150%20150%22%3E%3C%2Fsvg%3E\" loading=\"eager\"><\/span><span class=\"fg-image-overlay\"><\/span><\/a><figcaption class=\"fg-caption\"><div class=\"fg-caption-inner\"><\/div><\/figcaption><\/figure><div class=\"fg-loader\"><\/div><\/div><div class=\"fg-item fg-type-image fg-idle\"><figure class=\"fg-item-inner\"><a href=\"http:\/\/conviversabersocial.com.br\/wp-content\/uploads\/2016\/04\/10268641_1137913579574867_3775568317830589598_n.jpg\" data-caption-title=\"Workshop Forma\u00e7\u00e3o do Ser Pol\u00edtico\" data-attachment-id=\"1510\" class=\"fg-thumb\"><span class=\"fg-image-wrap\"><img title=\"Workshop Forma\u00e7\u00e3o do Ser Pol\u00edtico\" width=\"150\" height=\"150\" class=\"skip-lazy fg-image\" data-src-fg=\"http:\/\/conviversabersocial.com.br\/wp-content\/uploads\/cache\/2016\/04\/10268641_1137913579574867_3775568317830589598_n\/-109465733.jpg\" src=\"data:image\/svg+xml,%3Csvg%20xmlns%3D%22http%3A%2F%2Fwww.w3.org%2F2000%2Fsvg%22%20width%3D%22150%22%20height%3D%22150%22%20viewBox%3D%220%200%20150%20150%22%3E%3C%2Fsvg%3E\" loading=\"eager\"><\/span><span class=\"fg-image-overlay\"><\/span><\/a><figcaption class=\"fg-caption\"><div class=\"fg-caption-inner\"><div class=\"fg-caption-title\">Workshop Forma\u00e7\u00e3o do Ser Pol\u00edtico<\/div><\/div><\/figcaption><\/figure><div class=\"fg-loader\"><\/div><\/div><div class=\"fg-item fg-type-image fg-idle\"><figure class=\"fg-item-inner\"><a href=\"http:\/\/conviversabersocial.com.br\/wp-content\/uploads\/2016\/04\/12928264_1136921196340772_3607647247522372102_n.jpg\" data-attachment-id=\"1507\" class=\"fg-thumb\"><span class=\"fg-image-wrap\"><img width=\"150\" height=\"150\" class=\"skip-lazy fg-image\" data-src-fg=\"http:\/\/conviversabersocial.com.br\/wp-content\/uploads\/cache\/2016\/04\/12928264_1136921196340772_3607647247522372102_n\/-919289096.jpg\" src=\"data:image\/svg+xml,%3Csvg%20xmlns%3D%22http%3A%2F%2Fwww.w3.org%2F2000%2Fsvg%22%20width%3D%22150%22%20height%3D%22150%22%20viewBox%3D%220%200%20150%20150%22%3E%3C%2Fsvg%3E\" loading=\"eager\"><\/span><span class=\"fg-image-overlay\"><\/span><\/a><figcaption class=\"fg-caption\"><div class=\"fg-caption-inner\"><\/div><\/figcaption><\/figure><div class=\"fg-loader\"><\/div><\/div><div class=\"fg-item fg-type-image fg-idle\"><figure class=\"fg-item-inner\"><a href=\"http:\/\/conviversabersocial.com.br\/wp-content\/uploads\/2016\/08\/Conviver-PCDI-15-04-14-73.jpg\" data-attachment-id=\"1745\" class=\"fg-thumb\"><span class=\"fg-image-wrap\"><img width=\"150\" height=\"150\" class=\"skip-lazy fg-image\" data-src-fg=\"http:\/\/conviversabersocial.com.br\/wp-content\/uploads\/cache\/2016\/08\/Conviver-PCDI-15-04-14-73\/1994500145.jpg\" src=\"data:image\/svg+xml,%3Csvg%20xmlns%3D%22http%3A%2F%2Fwww.w3.org%2F2000%2Fsvg%22%20width%3D%22150%22%20height%3D%22150%22%20viewBox%3D%220%200%20150%20150%22%3E%3C%2Fsvg%3E\" loading=\"eager\"><\/span><span class=\"fg-image-overlay\"><\/span><\/a><figcaption class=\"fg-caption\"><div class=\"fg-caption-inner\"><\/div><\/figcaption><\/figure><div class=\"fg-loader\"><\/div><\/div><\/div>\r\n\n<p>&nbsp;<\/p>\n","protected":false},"excerpt":{"rendered":"<p>&nbsp;<\/p>\n","protected":false},"author":1,"featured_media":1639,"parent":0,"menu_order":1,"comment_status":"closed","ping_status":"closed","template":"template-full.php","meta":[],"_links":{"self":[{"href":"http:\/\/conviversabersocial.com.br\/index.php\/wp-json\/wp\/v2\/pages\/8"}],"collection":[{"href":"http:\/\/conviversabersocial.com.br\/index.php\/wp-json\/wp\/v2\/pages"}],"about":[{"href":"http:\/\/conviversabersocial.com.br\/index.php\/wp-json\/wp\/v2\/types\/page"}],"author":[{"embeddable":true,"href":"http:\/\/conviversabersocial.com.br\/index.php\/wp-json\/wp\/v2\/users\/1"}],"replies":[{"embeddable":true,"href":"http:\/\/conviversabersocial.com.br\/index.php\/wp-json\/wp\/v2\/comments?post=8"}],"version-history":[{"count":30,"href":"http:\/\/conviversabersocial.com.br\/index.php\/wp-json\/wp\/v2\/pages\/8\/revisions"}],"predecessor-version":[{"id":2434,"href":"http:\/\/conviversabersocial.com.br\/index.php\/wp-json\/wp\/v2\/pages\/8\/revisions\/2434"}],"wp:featuredmedia":[{"embeddable":true,"href":"http:\/\/conviversabersocial.com.br\/index.php\/wp-json\/wp\/v2\/media\/1639"}],"wp:attachment":[{"href":"http:\/\/conviversabersocial.com.br\/index.php\/wp-json\/wp\/v2\/media?parent=8"}],"curies":[{"name":"wp","href":"https:\/\/api.w.org\/{rel}","templated":true}]}}