{"id":2223,"date":"2017-06-11T12:43:55","date_gmt":"2017-06-11T15:43:55","guid":{"rendered":"http:\/\/conviversabersocial.com.br\/?page_id=2223"},"modified":"2017-06-29T17:30:39","modified_gmt":"2017-06-29T20:30:39","slug":"diretoria","status":"publish","type":"page","link":"http:\/\/conviversabersocial.com.br\/index.php\/diretoria\/","title":{"rendered":"Diretoria"},"content":{"rendered":"<h3><strong><img loading=\"lazy\" class=\"alignright size-medium wp-image-2226\" src=\"http:\/\/conviversabersocial.com.br\/wp-content\/uploads\/2017\/06\/IMG_2588-300x200.jpg\" alt=\"IMG_2588\" width=\"300\" height=\"200\" srcset=\"http:\/\/conviversabersocial.com.br\/wp-content\/uploads\/2017\/06\/IMG_2588-300x200.jpg 300w, http:\/\/conviversabersocial.com.br\/wp-content\/uploads\/2017\/06\/IMG_2588-1024x683.jpg 1024w, http:\/\/conviversabersocial.com.br\/wp-content\/uploads\/2017\/06\/IMG_2588-1080x720.jpg 1080w\" sizes=\"(max-width: 300px) 100vw, 300px\" \/>Paulo Roberto Moreira do Prado \u2013 Diretor Presidente<\/strong><\/h3>\n<p>Graduado em Engenharia El\u00e9trica pela Universidade Federal de Uberl\u00e2ndia &#8211; UFU e em Administra\u00e7\u00e3o de Empresas pela Faculdade de Ci\u00eancias Econ\u00f4micas do Tri\u00e2ngulo Mineiro. Possui especializa\u00e7\u00e3o em Automa\u00e7\u00e3o de Sistemas El\u00e9tricos de Pot\u00eancia pela UFMG e p\u00f3s-gradua\u00e7\u00e3o em Gest\u00e3o Empresarial pela FGV. \u00c9 parceiro da Conviver Saber Social desde 2008, \u00a0Conselheiro entre 2015 e 2016. \u00c9 conselheiro fiscal do GEAA, organiza\u00e7\u00e3o parceira da Conviver Saber Social.<\/p>\n<h3><strong><a href=\"http:\/\/conviversabersocial.com.br\/wp-content\/uploads\/2017\/06\/IMG_1765.jpg\"><img loading=\"lazy\" class=\"alignright size-medium wp-image-2231\" src=\"http:\/\/conviversabersocial.com.br\/wp-content\/uploads\/2017\/06\/IMG_1765-300x200.jpg\" alt=\"IMG_1765\" width=\"300\" height=\"200\" srcset=\"http:\/\/conviversabersocial.com.br\/wp-content\/uploads\/2017\/06\/IMG_1765-300x200.jpg 300w, http:\/\/conviversabersocial.com.br\/wp-content\/uploads\/2017\/06\/IMG_1765-1024x683.jpg 1024w, http:\/\/conviversabersocial.com.br\/wp-content\/uploads\/2017\/06\/IMG_1765-1080x720.jpg 1080w\" sizes=\"(max-width: 300px) 100vw, 300px\" \/><\/a>Janice Salom\u00e3o de Andrade \u2013 Diretora Executiva<\/strong><\/h3>\n<p>Graduada em Hist\u00f3ria e Geografia com MBA em Gest\u00e3o Educacional e especializa\u00e7\u00e3o em Avalia\u00e7\u00e3o de Programas e Projetos Sociais pela Funda\u00e7\u00e3o Ita\u00fa Social. \u00c9 consultora S\u00f3cio Educacional e vice presidente do Grupo Escola Amizade e Amor &#8211; GEAA. Tem experi\u00eancia em Conselhos de Direitos e mobiliza\u00e7\u00e3o comunit\u00e1ria e empoderamento feminino.<\/p>\n<p>&nbsp;<\/p>\n<h3><strong><img loading=\"lazy\" class=\"alignright size-medium wp-image-2234\" src=\"http:\/\/conviversabersocial.com.br\/wp-content\/uploads\/2017\/06\/Samarone-01-300x200.jpg\" alt=\"Samarone-01\" width=\"300\" height=\"200\" srcset=\"http:\/\/conviversabersocial.com.br\/wp-content\/uploads\/2017\/06\/Samarone-01-300x200.jpg 300w, http:\/\/conviversabersocial.com.br\/wp-content\/uploads\/2017\/06\/Samarone-01-1024x682.jpg 1024w, http:\/\/conviversabersocial.com.br\/wp-content\/uploads\/2017\/06\/Samarone-01-1080x720.jpg 1080w, http:\/\/conviversabersocial.com.br\/wp-content\/uploads\/2017\/06\/Samarone-01.jpg 2000w\" sizes=\"(max-width: 300px) 100vw, 300px\" \/>Samarone Soares\u00a0 &#8211; Diretor Administrativo Financeiro<\/strong><\/h3>\n<p>32 anos, fot\u00f3grafo, educador social e turismologo especialista em administra\u00e7\u00e3o p\u00fablica. Trabalhou na Conviver Saber Social e outras institui\u00e7\u00f5es, em BH, como volunt\u00e1rio e como coordenador de projetos de forma\u00e7\u00e3o profissional para adolescentes e jovens al\u00e9m de oficinistas em fotografia lifestyle. Na fotografia \u00e9 especialista em casamentos e fam\u00edlia.<\/p>\n<h3><\/h3>\n<h3><strong>CONSELHO FISCAL <\/strong><\/h3>\n<p>Sra. Virg\u00ednia Dumont Pereira<br \/>\nSr. Cl\u00e1udio Luiz Lopes de Oliveira<\/p>\n<h3><strong>CONSELHO CONSULTIVO <\/strong><\/h3>\n<p>Guilherme de Ara\u00fajo<br \/>\nGeraldo Toledo<br \/>\nGeraldo Avelar<br \/>\nHermes Rafael de Freitas Junior<\/p>\n","protected":false},"excerpt":{"rendered":"<p>Paulo Roberto Moreira do Prado \u2013 Diretor Presidente Graduado em Engenharia El\u00e9trica pela Universidade Federal de Uberl\u00e2ndia &#8211; UFU e em Administra\u00e7\u00e3o de Empresas pela Faculdade de Ci\u00eancias Econ\u00f4micas do Tri\u00e2ngulo Mineiro. Possui especializa\u00e7\u00e3o em Automa\u00e7\u00e3o de Sistemas El\u00e9tricos de Pot\u00eancia pela UFMG e p\u00f3s-gradua\u00e7\u00e3o em Gest\u00e3o Empresarial pela FGV. \u00c9 parceiro da Conviver Saber [&hellip;]<\/p>\n","protected":false},"author":1,"featured_media":2224,"parent":0,"menu_order":0,"comment_status":"closed","ping_status":"closed","template":"template-centered.php","meta":[],"_links":{"self":[{"href":"http:\/\/conviversabersocial.com.br\/index.php\/wp-json\/wp\/v2\/pages\/2223"}],"collection":[{"href":"http:\/\/conviversabersocial.com.br\/index.php\/wp-json\/wp\/v2\/pages"}],"about":[{"href":"http:\/\/conviversabersocial.com.br\/index.php\/wp-json\/wp\/v2\/types\/page"}],"author":[{"embeddable":true,"href":"http:\/\/conviversabersocial.com.br\/index.php\/wp-json\/wp\/v2\/users\/1"}],"replies":[{"embeddable":true,"href":"http:\/\/conviversabersocial.com.br\/index.php\/wp-json\/wp\/v2\/comments?post=2223"}],"version-history":[{"count":9,"href":"http:\/\/conviversabersocial.com.br\/index.php\/wp-json\/wp\/v2\/pages\/2223\/revisions"}],"predecessor-version":[{"id":2272,"href":"http:\/\/conviversabersocial.com.br\/index.php\/wp-json\/wp\/v2\/pages\/2223\/revisions\/2272"}],"wp:featuredmedia":[{"embeddable":true,"href":"http:\/\/conviversabersocial.com.br\/index.php\/wp-json\/wp\/v2\/media\/2224"}],"wp:attachment":[{"href":"http:\/\/conviversabersocial.com.br\/index.php\/wp-json\/wp\/v2\/media?parent=2223"}],"curies":[{"name":"wp","href":"https:\/\/api.w.org\/{rel}","templated":true}]}}