{"id":2204,"date":"2017-04-30T15:41:32","date_gmt":"2017-04-30T18:41:32","guid":{"rendered":"http:\/\/conviversabersocial.com.br\/?page_id=2204"},"modified":"2017-04-30T15:58:50","modified_gmt":"2017-04-30T18:58:50","slug":"servicos","status":"publish","type":"page","link":"http:\/\/conviversabersocial.com.br\/index.php\/servicos\/","title":{"rendered":"Servi\u00e7os"},"content":{"rendered":"<div class=\"sq-sc-column sq-sc-column-2-3\">\n<h6>A Conviver Saber Social \u00e9 uma organiza\u00e7\u00e3o da sociedade civil fundada em 2003 em Lagoa Santa\/MG com a miss\u00e3o de promover a garantia de direitos, o fortalecimento do Terceiro Setor e compartilhar todo o seu saber social. Para isso, presta os seguintes servi\u00e7os:<\/h6>\n<h3>GARANTIA DE DIREITOS<\/h3>\n<h6>Capacita\u00e7\u00e3o e fortalecimento de Conselhos de Direitos e Conselho Tutelar<br \/>\nElabora\u00e7\u00e3o de projetos para capta\u00e7\u00e3o de recursos para a garantia de direitos<br \/>\nAssessoria a organiza\u00e7\u00f5es sociais de atendimento direito<\/h6>\n<h3>FORTALECIMENTO DO TERCEIRO SETOR<\/h3>\n<h6>Programas de Desenvolvimento Institucional para organiza\u00e7\u00f5es sociais<br \/>\nConsultoria em gest\u00e3o, planejamento, capta\u00e7\u00e3o de recursos e Marco Regulat\u00f3rio das Organiza\u00e7\u00f5es da Sociedade Civil<\/h6>\n<h3>COMPARTILHAR SABER SOCIAL<\/h3>\n<h6>Desenvolvimento de a\u00e7\u00f5es para a Agenda 2030 &#8211; Objetivos para o Desenvolvimento Sustent\u00e1vel<br \/>\nConsultoria para governos<br \/>\nConsultoria para empresas (Responsabilidade Social)<\/h6>\n<\/div><div class=\"sq-sc-column sq-sc-column-3\">\n<h5>ENTRE EM CONTATO<\/h5>\n<h6>Rua\u00a0Rita Teixeira, 230 \u2013 Palmital<br \/>\nCEP 33.400-000\u00a0\u2013 Lagoa Santa (MG)<br \/>\nFone: (31)\u00a099233 1185<br \/>\nE-mail: <a href=\"mailto:contato@conviversabersocial.com.br\">contato@conviversabersocial.com.br<\/a><br \/>\nCurta nossa fanpage e acompanhe nossos projetos: <a href=\"http:\/\/www.facebook.com\/conviversabersocial\">www.facebook.com\/conviversabersocial<\/a><\/h6>\n<\/div>\n","protected":false},"excerpt":{"rendered":"","protected":false},"author":1,"featured_media":2205,"parent":0,"menu_order":0,"comment_status":"closed","ping_status":"closed","template":"template-full.php","meta":[],"_links":{"self":[{"href":"http:\/\/conviversabersocial.com.br\/index.php\/wp-json\/wp\/v2\/pages\/2204"}],"collection":[{"href":"http:\/\/conviversabersocial.com.br\/index.php\/wp-json\/wp\/v2\/pages"}],"about":[{"href":"http:\/\/conviversabersocial.com.br\/index.php\/wp-json\/wp\/v2\/types\/page"}],"author":[{"embeddable":true,"href":"http:\/\/conviversabersocial.com.br\/index.php\/wp-json\/wp\/v2\/users\/1"}],"replies":[{"embeddable":true,"href":"http:\/\/conviversabersocial.com.br\/index.php\/wp-json\/wp\/v2\/comments?post=2204"}],"version-history":[{"count":6,"href":"http:\/\/conviversabersocial.com.br\/index.php\/wp-json\/wp\/v2\/pages\/2204\/revisions"}],"predecessor-version":[{"id":2214,"href":"http:\/\/conviversabersocial.com.br\/index.php\/wp-json\/wp\/v2\/pages\/2204\/revisions\/2214"}],"wp:featuredmedia":[{"embeddable":true,"href":"http:\/\/conviversabersocial.com.br\/index.php\/wp-json\/wp\/v2\/media\/2205"}],"wp:attachment":[{"href":"http:\/\/conviversabersocial.com.br\/index.php\/wp-json\/wp\/v2\/media?parent=2204"}],"curies":[{"name":"wp","href":"https:\/\/api.w.org\/{rel}","templated":true}]}}